{"id":4,"date":"2020-04-21T16:52:26","date_gmt":"2020-04-21T14:52:26","guid":{"rendered":"http:\/\/jeanlucbouland.com\/?page_id=4"},"modified":"2025-03-16T17:52:09","modified_gmt":"2025-03-16T16:52:09","slug":"lauteur","status":"publish","type":"page","link":"https:\/\/jeanlucbouland.com\/index.php\/lauteur\/","title":{"rendered":"Qui suis-je ?"},"content":{"rendered":"<div class=\"wp-block-image wp-block-image alignright size-large is-resized\">\n<figure class=\"alignleft size-full\"><img loading=\"lazy\" decoding=\"async\" width=\"700\" height=\"700\" src=\"https:\/\/jeanlucbouland.com\/wp-content\/uploads\/2025\/02\/JLB_31-01-25afb.jpg\" alt=\"\" class=\"wp-image-3835\" style=\"width:236px;height:auto\" srcset=\"https:\/\/jeanlucbouland.com\/wp-content\/uploads\/2025\/02\/JLB_31-01-25afb.jpg 700w, https:\/\/jeanlucbouland.com\/wp-content\/uploads\/2025\/02\/JLB_31-01-25afb-300x300.jpg 300w, https:\/\/jeanlucbouland.com\/wp-content\/uploads\/2025\/02\/JLB_31-01-25afb-150x150.jpg 150w\" sizes=\"auto, (max-width: 700px) 100vw, 700px\" \/><\/figure>\n<\/div>\n\n\n<p class=\"wp-block-paragraph\">Citoyen du monde depuis 1958, cr\u00e9atif depuis mon plus jeune \u00e2ge, je choisis en premier l\u2019\u00e9criture, obtient un bac litt\u00e9raire en 1976 et un BTS de Publicit\u00e9 Relations publiques en 1978. Je suis journaliste (texte et photos) depuis 1981*.<\/p>\n\n\n\n<h3 class=\"wp-block-heading has-vivid-purple-color has-text-color has-link-color wp-elements-0343c93e1e5221681f959aabfee93084\"><strong>Photographe<\/strong> &nbsp;&nbsp;<\/h3>\n\n\n\n<p class=\"wp-block-paragraph\">Un reporter doit \u00eatre complet, et savoir photographier, pour bien transcrire ce qu\u2019il a vu. Mais cela peut aller bien au-del\u00e0. En 1989, travaillant alors en Ile de France, je prends ma premi\u00e8re adh\u00e9sion \u00e0 un photo club et \u00e0 une Soci\u00e9t\u00e9 des Beaux-Arts, o\u00f9 je m\u2019initie \u00e0 la pratique du studio. Une r\u00e9v\u00e9lation&nbsp;: \u00e0 c\u00f4t\u00e9 des prises de vue r\u00e9alistes de l\u2019actualit\u00e9, je peux utiliser mon esprit cr\u00e9atif.<\/p>\n\n\n\n<p class=\"wp-block-paragraph\">La photographie est pour moi un moyen d\u2019expression et de communication \u00e0 part enti\u00e8re, pour faire d\u00e9couvrir le monde et ses beaut\u00e9s, r\u00e9elles ou imagin\u00e9es. <\/p>\n\n\n\n<p class=\"wp-block-paragraph\">Les premiers travaux int\u00e9ressants apparaitront en 1991, et permettront quelques temps plus tard d\u2019obtenir des prix dans diff\u00e9rents salons collectifs, comme de faire des expositions personnelles. Des activit\u00e9s que je poursuis depuis mon retour dans l\u2019Orl\u00e9anais en 1996, avec un int\u00e9r\u00eat privil\u00e9gi\u00e9 pour la photo en studio, pour les compositions (natures mortes), ou proposant des ateliers de \u00ab th\u00e9rapie par la photographie \u00bb. <\/p>\n\n\n\n<p class=\"wp-block-paragraph\"><strong>En 2019<\/strong>, pour les 40 ans du club <a rel=\"noreferrer noopener\" href=\"https:\/\/www.acapi.org\" target=\"_blank\">Acapi<\/a>, j&rsquo;ai pr\u00e9sent\u00e9 une conf\u00e9rence intitul\u00e9e \u00ab\u00a0<em>Toutes photog\u00e9niques<\/em>\u00ab\u00a0, en m\u00eame temps que des extraits de mes s\u00e9ries \u00ab\u00a0<a href=\"https:\/\/jeanlucbouland.com\/index.php\/2020\/12\/07\/ethnikart-les-femmes\/\" data-type=\"post\" data-id=\"1075\">Ethnik&rsquo;Art<\/a>\u00a0\u00bb et \u00ab\u00a0<a href=\"https:\/\/jeanlucbouland.com\/index.php\/tag\/sucre-sale\/\" data-type=\"post_tag\" data-id=\"74\">Sucr\u00e9 sal\u00e9<\/a>\u00ab\u00a0, marquant aussi mes 30 ans de pratique de studio \u00ab\u00a0<em>\u00e0 l&rsquo;impro<\/em>\u00ab\u00a0.<\/p>\n\n\n\n<p class=\"wp-block-paragraph\"><strong>En 2021<\/strong>, affirmant que \u00ab\u00a0<em>dans mon studio, tout le monde est beau<\/em>\u00ab\u00a0, j&rsquo;ai commenc\u00e9 un travail sur le th\u00e8me \u00ab\u00a0Sublimes diff\u00e9rences\u00a0\u00bb, devant amener \u00e0 une exposition, et \u00e0 l&rsquo;\u00e9dition d&rsquo;un livre-catalogue.<\/p>\n\n\n\n<p class=\"wp-block-paragraph\"><strong>En 2025<\/strong>, ma s\u00e9rie <a href=\"https:\/\/jeanlucbouland.com\/index.php\/2025\/01\/02\/lectures-intimes-2\/\" data-type=\"post\" data-id=\"3504\">Lectures intimes <\/a>est accept\u00e9e dans l&rsquo;int\u00e9gralit\u00e9 de ses 30 images disponibles pour \u00eatre expos\u00e9e au <a href=\"https:\/\/www.printempsdelaphoto.fr\/\">Printemps de la photographie et des arts de Romorantin<\/a>, du 16 au 18 mai 2025.<\/p>\n\n\n\n<h3 class=\"wp-block-heading has-vivid-purple-color has-text-color\">Auteur <\/h3>\n\n\n\n<ul class=\"wp-block-list\">\n<li>En 1997, j\u2019ai publi\u00e9 aux Editions Encre un ouvrage intitul\u00e9 \u00ab&nbsp;<a rel=\"noreferrer noopener\" href=\"https:\/\/www.librest.com\/livres\/tout-en-nu-de-a-a-z-jean-luc-bouland_0-1005385_9782864182993.html\" target=\"_blank\">Tout en nu de A \u00e0 Z<\/a>&nbsp;\u00bb .<\/li>\n\n\n\n<li>En 1998, j&rsquo;ai obtenu un second prix pour un concours de nouvelles pr\u00e9sid\u00e9 par Jean Vautrin.<\/li>\n\n\n\n<li>En 2021, je publie mes \u00ab\u00a0<a href=\"https:\/\/jeanlucbouland.com\/index.php\/2021\/06\/12\/pensees-vagabondes-le-recueil\/\" data-type=\"post\" data-id=\"1498\">Pens\u00e9es vagabondes<\/a>\u00a0\u00bb en auto\u00e9dition.<\/li>\n\n\n\n<li>En 2023, je publie <a href=\"https:\/\/jeanlucbouland.com\/index.php\/2023\/12\/28\/pas-de-panique-vient-de-paraitre\/\" data-type=\"post\" data-id=\"2873\">\u00ab\u00a0Pas de panique !<\/a>\u00ab\u00a0, un recueil de six (fausses) nouvelles chez Cr\u00e9ateur d&rsquo;images.<\/li>\n<\/ul>\n\n\n\n<h3 class=\"wp-block-heading has-vivid-purple-color has-text-color\">Contact<\/h3>\n\n\n\n<p class=\"has-vivid-purple-color has-text-color wp-block-paragraph\">T\u00e9l : 02.38.61.71.51 \u2013 06.79.04.37.39 &#8211; Mail : <a href=\"mailto:jean-luc.bouland@orange.fr\">jean-luc.bouland@orange.fr<\/a> .<\/p>\n\n\n\n<ul class=\"wp-block-list\">\n<li><em>Journaliste et photographe pour la presse hebdomadaire r\u00e9gionale (1981\/1996) je travaille depuis 1997 dans la presse magazine \u00ab\u00a0<a href=\"http:\/\/www.naturisme-magazine.com\" data-type=\"link\" data-id=\"www.naturisme-magazine.com\">Tourisme et bien-\u00eatre\u00a0\u00bb<\/a>. Depuis 2013, je suis revenu \u00e0 l\u2019information g\u00e9n\u00e9raliste r\u00e9gionale en collaborant au site <a href=\"http:\/\/www.magcentre.fr\/\">magcentre.fr<\/a>, dont je suis depuis 2020 un des principaux animateurs. Adh\u00e9rent \u00e0 <a href=\"https:\/\/ajt.net\/\">l&rsquo;Association des Journaliste de Tourisme <\/a>depuis 2003, j&rsquo;en fus membre du Conseil d&rsquo;administration de 2012 \u00e0 2017 (pr\u00e9sident de 2015 \u00e0 2017).<\/em><\/li>\n<\/ul>\n","protected":false},"excerpt":{"rendered":"<p>Citoyen du monde depuis 1958, cr\u00e9atif depuis mon plus jeune \u00e2ge, je choisis en premier l\u2019\u00e9criture, obtient un bac litt\u00e9raire en 1976 et un BTS de Publicit\u00e9 Relations publiques en &#8230;<\/p>\n","protected":false},"author":1,"featured_media":0,"parent":0,"menu_order":0,"comment_status":"closed","ping_status":"closed","template":"","meta":{"_crdt_document":"","footnotes":""},"class_list":["post-4","page","type-page","status-publish","hentry"],"jetpack_sharing_enabled":true,"_links":{"self":[{"href":"https:\/\/jeanlucbouland.com\/index.php\/wp-json\/wp\/v2\/pages\/4","targetHints":{"allow":["GET"]}}],"collection":[{"href":"https:\/\/jeanlucbouland.com\/index.php\/wp-json\/wp\/v2\/pages"}],"about":[{"href":"https:\/\/jeanlucbouland.com\/index.php\/wp-json\/wp\/v2\/types\/page"}],"author":[{"embeddable":true,"href":"https:\/\/jeanlucbouland.com\/index.php\/wp-json\/wp\/v2\/users\/1"}],"replies":[{"embeddable":true,"href":"https:\/\/jeanlucbouland.com\/index.php\/wp-json\/wp\/v2\/comments?post=4"}],"version-history":[{"count":10,"href":"https:\/\/jeanlucbouland.com\/index.php\/wp-json\/wp\/v2\/pages\/4\/revisions"}],"predecessor-version":[{"id":3870,"href":"https:\/\/jeanlucbouland.com\/index.php\/wp-json\/wp\/v2\/pages\/4\/revisions\/3870"}],"wp:attachment":[{"href":"https:\/\/jeanlucbouland.com\/index.php\/wp-json\/wp\/v2\/media?parent=4"}],"curies":[{"name":"wp","href":"https:\/\/api.w.org\/{rel}","templated":true}]}}